{"id":3978,"date":"2018-05-10T20:56:44","date_gmt":"2018-05-10T20:56:44","guid":{"rendered":"http:\/\/naturetraveloffice.com\/?page_id=3978"},"modified":"2025-12-02T00:03:36","modified_gmt":"2025-12-02T00:03:36","slug":"hotel-lucky-bansko-5","status":"publish","type":"page","link":"https:\/\/naturetraveloffice.com\/en\/zima\/bugarska\/bansko\/hotel-lucky-bansko-5\/","title":{"rendered":"Hotel Lucky Bansko 5*"},"content":{"rendered":"<p class=\"qtranxs-available-languages-message qtranxs-available-languages-message-en\">Sorry, this entry is only available in <a href=\"https:\/\/naturetraveloffice.com\/sr\/wp-json\/wp\/v2\/pages\/3978\" class=\"qtranxs-available-language-link qtranxs-available-language-link-sr\" title=\"Serbian\">Serbian<\/a>. For the sake of viewer convenience, the content is shown below in the alternative language. You may click the link to switch the active language.<\/p><p>postao je najnapredniji hotel apartmanskog tipa u Banskom, uspe\u0161no kombinujuc\u0301i prednosti hotelskog sme\u0161taja i pogodnost u\u017eivanja svih dodataka potpuno opremljenog apartmana ili studija. Hotel Lucky u Banskom je odli\u010dno ocenjen hotel apartmanskog tipa, lociran na ulazu u Bansko, udaljen 450 m od centra i 2 km od gondole.<\/p>\n<p>&nbsp;<\/p>\n<p><strong>Sadr\u017eaj hotela:\u00a0<\/strong>recepcija, lobi bar, room servis, igraonica za decu, savremeni spa centar, zatvoreni bazen, \u0111akuzi, solarijum, sauna, ledena soba, parno kupatilo, fitnes sala, masa\u017ea, kozmeti\u010dki salon.<\/p>\n<p><strong>Besplatne usluge:<\/strong>\u00a0kori\u0161\u0107enje zatvorenog bazena, saune, \u0111akuzija, parnog kupatila, internet, mini klub za decu sa bebisiterkom (za decu od 3 do 6 god) od 08:00 do 22:00h, prevoz do gondole.<\/p>\n<p><strong>Ishrana:<\/strong>\u00a0doru\u010dak (samoposlu\u017eenje \u2013 \u0161vedski sto). Mogu\u0107nost doplate polupansiona.<\/p>","protected":false},"excerpt":{"rendered":"<p>Sorry, this entry is only available in Serbian. For the sake of viewer convenience, the content is shown below in the alternative language. You may click the link to switch the active language.postao je najnapredniji hotel apartmanskog tipa u Banskom, uspe\u0161no kombinujuc\u0301i prednosti hotelskog sme\u0161taja i pogodnost u\u017eivanja svih dodataka potpuno opremljenog apartmana ili studija. [&hellip;]<\/p>\n","protected":false},"author":4,"featured_media":3979,"parent":4427,"menu_order":41,"comment_status":"closed","ping_status":"closed","template":"templates\/template-cetvrta-dub.php","meta":{"footnotes":""},"class_list":["post-3978","page","type-page","status-publish","has-post-thumbnail","hentry"],"yoast_head":"<!-- This site is optimized with the Yoast SEO plugin v24.2 - https:\/\/yoast.com\/wordpress\/plugins\/seo\/ -->\n<title>Hotel Lucky Bansko 5* - Nature Travel Office<\/title>\n<meta name=\"robots\" content=\"index, follow, max-snippet:-1, max-image-preview:large, max-video-preview:-1\" \/>\n<link rel=\"canonical\" href=\"https:\/\/naturetraveloffice.com\/zima\/bugarska\/bansko\/hotel-lucky-bansko-5\/\" \/>\n<meta property=\"og:locale\" content=\"en_US\" \/>\n<meta property=\"og:type\" content=\"article\" \/>\n<meta property=\"og:title\" content=\"Hotel Lucky Bansko 5* - Nature Travel Office\" \/>\n<meta property=\"og:description\" content=\"Sorry, this entry is only available in Serbian. For the sake of viewer convenience, the content is shown below in the alternative language. You may click the link to switch the active language.postao je najnapredniji hotel apartmanskog tipa u Banskom, uspe\u0161no kombinujuc\u0301i prednosti hotelskog sme\u0161taja i pogodnost u\u017eivanja svih dodataka potpuno opremljenog apartmana ili studija. [&hellip;]\" \/>\n<meta property=\"og:url\" content=\"https:\/\/naturetraveloffice.com\/zima\/bugarska\/bansko\/hotel-lucky-bansko-5\/\" \/>\n<meta property=\"og:site_name\" content=\"Nature Travel Office\" \/>\n<meta property=\"article:modified_time\" content=\"2025-12-02T00:03:36+00:00\" \/>\n<meta property=\"og:image\" content=\"https:\/\/naturetraveloffice.com\/wp-content\/uploads\/2018\/05\/800x600_1491663354-bugarska-bansko-zimovanje-skijanje-hotel-lucky-1.jpg\" \/>\n\t<meta property=\"og:image:width\" content=\"784\" \/>\n\t<meta property=\"og:image:height\" content=\"588\" \/>\n\t<meta property=\"og:image:type\" content=\"image\/jpeg\" \/>\n<meta name=\"twitter:card\" content=\"summary_large_image\" \/>\n<meta name=\"twitter:label1\" content=\"Est. reading time\" \/>\n\t<meta name=\"twitter:data1\" content=\"1 minute\" \/>\n<script type=\"application\/ld+json\" class=\"yoast-schema-graph\">{\"@context\":\"https:\/\/schema.org\",\"@graph\":[{\"@type\":\"WebPage\",\"@id\":\"https:\/\/naturetraveloffice.com\/zima\/bugarska\/bansko\/hotel-lucky-bansko-5\/\",\"url\":\"https:\/\/naturetraveloffice.com\/zima\/bugarska\/bansko\/hotel-lucky-bansko-5\/\",\"name\":\"Hotel Lucky Bansko 5* - Nature Travel Office\",\"isPartOf\":{\"@id\":\"https:\/\/naturetraveloffice.com\/#website\"},\"primaryImageOfPage\":{\"@id\":\"https:\/\/naturetraveloffice.com\/zima\/bugarska\/bansko\/hotel-lucky-bansko-5\/#primaryimage\"},\"image\":{\"@id\":\"https:\/\/naturetraveloffice.com\/zima\/bugarska\/bansko\/hotel-lucky-bansko-5\/#primaryimage\"},\"thumbnailUrl\":\"https:\/\/naturetraveloffice.com\/wp-content\/uploads\/2018\/05\/800x600_1491663354-bugarska-bansko-zimovanje-skijanje-hotel-lucky-1.jpg\",\"datePublished\":\"2018-05-10T20:56:44+00:00\",\"dateModified\":\"2025-12-02T00:03:36+00:00\",\"breadcrumb\":{\"@id\":\"https:\/\/naturetraveloffice.com\/zima\/bugarska\/bansko\/hotel-lucky-bansko-5\/#breadcrumb\"},\"inLanguage\":\"en-US\",\"potentialAction\":[{\"@type\":\"ReadAction\",\"target\":[\"https:\/\/naturetraveloffice.com\/zima\/bugarska\/bansko\/hotel-lucky-bansko-5\/\"]}]},{\"@type\":\"ImageObject\",\"inLanguage\":\"en-US\",\"@id\":\"https:\/\/naturetraveloffice.com\/zima\/bugarska\/bansko\/hotel-lucky-bansko-5\/#primaryimage\",\"url\":\"https:\/\/naturetraveloffice.com\/wp-content\/uploads\/2018\/05\/800x600_1491663354-bugarska-bansko-zimovanje-skijanje-hotel-lucky-1.jpg\",\"contentUrl\":\"https:\/\/naturetraveloffice.com\/wp-content\/uploads\/2018\/05\/800x600_1491663354-bugarska-bansko-zimovanje-skijanje-hotel-lucky-1.jpg\",\"width\":\"784\",\"height\":\"588\"},{\"@type\":\"BreadcrumbList\",\"@id\":\"https:\/\/naturetraveloffice.com\/zima\/bugarska\/bansko\/hotel-lucky-bansko-5\/#breadcrumb\",\"itemListElement\":[{\"@type\":\"ListItem\",\"position\":1,\"name\":\"Po\u010detna\",\"item\":\"https:\/\/naturetraveloffice.com\/\"},{\"@type\":\"ListItem\",\"position\":2,\"name\":\"Zimovanje\",\"item\":\"https:\/\/naturetraveloffice.com\/zima\/\"},{\"@type\":\"ListItem\",\"position\":3,\"name\":\"Bugarska\",\"item\":\"https:\/\/naturetraveloffice.com\/zima\/bugarska\/\"},{\"@type\":\"ListItem\",\"position\":4,\"name\":\"Bansko\",\"item\":\"https:\/\/naturetraveloffice.com\/zima\/bugarska\/bansko\/\"},{\"@type\":\"ListItem\",\"position\":5,\"name\":\"Hotel Lucky Bansko 5*\"}]},{\"@type\":\"WebSite\",\"@id\":\"https:\/\/naturetraveloffice.com\/#website\",\"url\":\"https:\/\/naturetraveloffice.com\/\",\"name\":\"Nature Travel Office\",\"description\":\"\",\"potentialAction\":[{\"@type\":\"SearchAction\",\"target\":{\"@type\":\"EntryPoint\",\"urlTemplate\":\"https:\/\/naturetraveloffice.com\/?s={search_term_string}\"},\"query-input\":{\"@type\":\"PropertyValueSpecification\",\"valueRequired\":true,\"valueName\":\"search_term_string\"}}],\"inLanguage\":\"en-US\"}]}<\/script>\n<!-- \/ Yoast SEO plugin. -->","yoast_head_json":{"title":"Hotel Lucky Bansko 5* - Nature Travel Office","robots":{"index":"index","follow":"follow","max-snippet":"max-snippet:-1","max-image-preview":"max-image-preview:large","max-video-preview":"max-video-preview:-1"},"canonical":"https:\/\/naturetraveloffice.com\/zima\/bugarska\/bansko\/hotel-lucky-bansko-5\/","og_locale":"en_US","og_type":"article","og_title":"Hotel Lucky Bansko 5* - Nature Travel Office","og_description":"Sorry, this entry is only available in Serbian. For the sake of viewer convenience, the content is shown below in the alternative language. You may click the link to switch the active language.postao je najnapredniji hotel apartmanskog tipa u Banskom, uspe\u0161no kombinujuc\u0301i prednosti hotelskog sme\u0161taja i pogodnost u\u017eivanja svih dodataka potpuno opremljenog apartmana ili studija. [&hellip;]","og_url":"https:\/\/naturetraveloffice.com\/zima\/bugarska\/bansko\/hotel-lucky-bansko-5\/","og_site_name":"Nature Travel Office","article_modified_time":"2025-12-02T00:03:36+00:00","og_image":[{"width":784,"height":588,"url":"https:\/\/naturetraveloffice.com\/wp-content\/uploads\/2018\/05\/800x600_1491663354-bugarska-bansko-zimovanje-skijanje-hotel-lucky-1.jpg","type":"image\/jpeg"}],"twitter_card":"summary_large_image","twitter_misc":{"Est. reading time":"1 minute"},"schema":{"@context":"https:\/\/schema.org","@graph":[{"@type":"WebPage","@id":"https:\/\/naturetraveloffice.com\/zima\/bugarska\/bansko\/hotel-lucky-bansko-5\/","url":"https:\/\/naturetraveloffice.com\/zima\/bugarska\/bansko\/hotel-lucky-bansko-5\/","name":"Hotel Lucky Bansko 5* - Nature Travel Office","isPartOf":{"@id":"https:\/\/naturetraveloffice.com\/#website"},"primaryImageOfPage":{"@id":"https:\/\/naturetraveloffice.com\/zima\/bugarska\/bansko\/hotel-lucky-bansko-5\/#primaryimage"},"image":{"@id":"https:\/\/naturetraveloffice.com\/zima\/bugarska\/bansko\/hotel-lucky-bansko-5\/#primaryimage"},"thumbnailUrl":"https:\/\/naturetraveloffice.com\/wp-content\/uploads\/2018\/05\/800x600_1491663354-bugarska-bansko-zimovanje-skijanje-hotel-lucky-1.jpg","datePublished":"2018-05-10T20:56:44+00:00","dateModified":"2025-12-02T00:03:36+00:00","breadcrumb":{"@id":"https:\/\/naturetraveloffice.com\/zima\/bugarska\/bansko\/hotel-lucky-bansko-5\/#breadcrumb"},"inLanguage":"en-US","potentialAction":[{"@type":"ReadAction","target":["https:\/\/naturetraveloffice.com\/zima\/bugarska\/bansko\/hotel-lucky-bansko-5\/"]}]},{"@type":"ImageObject","inLanguage":"en-US","@id":"https:\/\/naturetraveloffice.com\/zima\/bugarska\/bansko\/hotel-lucky-bansko-5\/#primaryimage","url":"https:\/\/naturetraveloffice.com\/wp-content\/uploads\/2018\/05\/800x600_1491663354-bugarska-bansko-zimovanje-skijanje-hotel-lucky-1.jpg","contentUrl":"https:\/\/naturetraveloffice.com\/wp-content\/uploads\/2018\/05\/800x600_1491663354-bugarska-bansko-zimovanje-skijanje-hotel-lucky-1.jpg","width":"784","height":"588"},{"@type":"BreadcrumbList","@id":"https:\/\/naturetraveloffice.com\/zima\/bugarska\/bansko\/hotel-lucky-bansko-5\/#breadcrumb","itemListElement":[{"@type":"ListItem","position":1,"name":"Po\u010detna","item":"https:\/\/naturetraveloffice.com\/"},{"@type":"ListItem","position":2,"name":"Zimovanje","item":"https:\/\/naturetraveloffice.com\/zima\/"},{"@type":"ListItem","position":3,"name":"Bugarska","item":"https:\/\/naturetraveloffice.com\/zima\/bugarska\/"},{"@type":"ListItem","position":4,"name":"Bansko","item":"https:\/\/naturetraveloffice.com\/zima\/bugarska\/bansko\/"},{"@type":"ListItem","position":5,"name":"Hotel Lucky Bansko 5*"}]},{"@type":"WebSite","@id":"https:\/\/naturetraveloffice.com\/#website","url":"https:\/\/naturetraveloffice.com\/","name":"Nature Travel Office","description":"","potentialAction":[{"@type":"SearchAction","target":{"@type":"EntryPoint","urlTemplate":"https:\/\/naturetraveloffice.com\/?s={search_term_string}"},"query-input":{"@type":"PropertyValueSpecification","valueRequired":true,"valueName":"search_term_string"}}],"inLanguage":"en-US"}]}},"_links":{"self":[{"href":"https:\/\/naturetraveloffice.com\/en\/wp-json\/wp\/v2\/pages\/3978","targetHints":{"allow":["GET"]}}],"collection":[{"href":"https:\/\/naturetraveloffice.com\/en\/wp-json\/wp\/v2\/pages"}],"about":[{"href":"https:\/\/naturetraveloffice.com\/en\/wp-json\/wp\/v2\/types\/page"}],"author":[{"embeddable":true,"href":"https:\/\/naturetraveloffice.com\/en\/wp-json\/wp\/v2\/users\/4"}],"replies":[{"embeddable":true,"href":"https:\/\/naturetraveloffice.com\/en\/wp-json\/wp\/v2\/comments?post=3978"}],"version-history":[{"count":0,"href":"https:\/\/naturetraveloffice.com\/en\/wp-json\/wp\/v2\/pages\/3978\/revisions"}],"up":[{"embeddable":true,"href":"https:\/\/naturetraveloffice.com\/en\/wp-json\/wp\/v2\/pages\/4427"}],"wp:featuredmedia":[{"embeddable":true,"href":"https:\/\/naturetraveloffice.com\/en\/wp-json\/wp\/v2\/media\/3979"}],"wp:attachment":[{"href":"https:\/\/naturetraveloffice.com\/en\/wp-json\/wp\/v2\/media?parent=3978"}],"curies":[{"name":"wp","href":"https:\/\/api.w.org\/{rel}","templated":true}]}}